{"id":2374,"date":"2025-10-25T19:24:14","date_gmt":"2025-10-26T00:24:14","guid":{"rendered":"https:\/\/rumbashow.com\/?page_id=2374"},"modified":"2025-10-25T21:05:10","modified_gmt":"2025-10-26T02:05:10","slug":"politica-de-cookies","status":"publish","type":"page","link":"https:\/\/rumbashow.com\/en\/politica-de-cookies\/","title":{"rendered":"Cookies Policy"},"content":{"rendered":"<div data-elementor-type=\"wp-page\" data-elementor-id=\"2374\" class=\"elementor elementor-2374\" data-elementor-post-type=\"page\">\n\t\t\t\t<div class=\"elementor-element elementor-element-6eed99af e-con-full e-flex e-con e-parent\" data-id=\"6eed99af\" data-element_type=\"container\" data-e-type=\"container\" data-settings=\"{&quot;background_background&quot;:&quot;classic&quot;,&quot;shape_divider_bottom&quot;:&quot;mountains&quot;}\">\n\t\t\t\t<div class=\"elementor-shape elementor-shape-bottom\" aria-hidden=\"true\" data-negative=\"false\">\n\t\t\t<svg xmlns=\"http:\/\/www.w3.org\/2000\/svg\" viewbox=\"0 0 1000 100\" preserveaspectratio=\"none\">\n\t<path class=\"elementor-shape-fill\" opacity=\"0.33\" d=\"M473,67.3c-203.9,88.3-263.1-34-320.3,0C66,119.1,0,59.7,0,59.7V0h1000v59.7 c0,0-62.1,26.1-94.9,29.3c-32.8,3.3-62.8-12.3-75.8-22.1C806,49.6,745.3,8.7,694.9,4.7S492.4,59,473,67.3z\"\/>\n\t<path class=\"elementor-shape-fill\" opacity=\"0.66\" d=\"M734,67.3c-45.5,0-77.2-23.2-129.1-39.1c-28.6-8.7-150.3-10.1-254,39.1 s-91.7-34.4-149.2,0C115.7,118.3,0,39.8,0,39.8V0h1000v36.5c0,0-28.2-18.5-92.1-18.5C810.2,18.1,775.7,67.3,734,67.3z\"\/>\n\t<path class=\"elementor-shape-fill\" d=\"M766.1,28.9c-200-57.5-266,65.5-395.1,19.5C242,1.8,242,5.4,184.8,20.6C128,35.8,132.3,44.9,89.9,52.5C28.6,63.7,0,0,0,0 h1000c0,0-9.9,40.9-83.6,48.1S829.6,47,766.1,28.9z\"\/>\n<\/svg>\t\t<\/div>\n\t\t<div class=\"elementor-element elementor-element-3316faae e-con-full e-flex e-con e-child\" data-id=\"3316faae\" data-element_type=\"container\" data-e-type=\"container\" data-settings=\"{&quot;background_background&quot;:&quot;classic&quot;}\">\n\t\t\t\t<div class=\"elementor-element elementor-element-3f4f5ce9 elementor-widget elementor-widget-heading\" data-id=\"3f4f5ce9\" data-element_type=\"widget\" data-e-type=\"widget\" data-widget_type=\"heading.default\">\n\t\t\t\t<div class=\"elementor-widget-container\">\n\t\t\t\t\t<h2 class=\"elementor-heading-title elementor-size-default\">Cookies Policy<\/h2>\t\t\t\t<\/div>\n\t\t\t\t<\/div>\n\t\t\t\t<\/div>\n\t\t\t\t<\/div>\n\t\t<div class=\"elementor-element elementor-element-6cd9e59 e-flex e-con-boxed e-con e-parent\" data-id=\"6cd9e59\" data-element_type=\"container\" data-e-type=\"container\">\n\t\t\t\t\t<div class=\"e-con-inner\">\n\t\t<div class=\"elementor-element elementor-element-1f45379 e-con-full e-flex e-con e-child\" data-id=\"1f45379\" data-element_type=\"container\" data-e-type=\"container\">\n\t\t\t\t<div class=\"elementor-element elementor-element-d651708 elementor-widget elementor-widget-text-editor\" data-id=\"d651708\" data-element_type=\"widget\" data-e-type=\"widget\" data-widget_type=\"text-editor.default\">\n\t\t\t\t<div class=\"elementor-widget-container\">\n\t\t\t\t\t\t\t\t\t<p><strong data-start=\"384\" data-end=\"409\">\u00daltima actualizaci\u00f3n:<\/strong> <span style=\"color: #ff9900;\">26 de octubre de 2025<\/span><\/p>\t\t\t\t\t\t\t\t<\/div>\n\t\t\t\t<\/div>\n\t\t\t\t<div class=\"elementor-element elementor-element-28e2eed elementor-widget elementor-widget-text-editor\" data-id=\"28e2eed\" data-element_type=\"widget\" data-e-type=\"widget\" data-widget_type=\"text-editor.default\">\n\t\t\t\t<div class=\"elementor-widget-container\">\n\t\t\t\t\t\t\t\t\t<p>En <strong>RumbaShow Productions<\/strong> valoramos tu privacidad y queremos ser completamente transparentes sobre c\u00f3mo usamos las cookies en nuestro sitio web <strong><a class=\"decorated-link\" href=\"https:\/\/rumbashow.com\/en\/\" target=\"_new\" rel=\"noopener\">https:\/\/rumbashow.com<\/a><\/strong>.<br \/>Esta Pol\u00edtica de Cookies explica qu\u00e9 son las cookies, qu\u00e9 tipos utilizamos, para qu\u00e9 las usamos y c\u00f3mo puedes gestionarlas.<\/p>\t\t\t\t\t\t\t\t<\/div>\n\t\t\t\t<\/div>\n\t\t\t\t<\/div>\n\t\t<div class=\"elementor-element elementor-element-9031da4 e-con-full e-flex e-con e-child\" data-id=\"9031da4\" data-element_type=\"container\" data-e-type=\"container\">\n\t\t\t\t<div class=\"elementor-element elementor-element-ac09ea2 elementor-widget elementor-widget-heading\" data-id=\"ac09ea2\" data-element_type=\"widget\" data-e-type=\"widget\" data-widget_type=\"heading.default\">\n\t\t\t\t<div class=\"elementor-widget-container\">\n\t\t\t\t\t<h3 class=\"elementor-heading-title elementor-size-default\">1. \u00bfQu\u00e9 son las cookies?<\/h3>\t\t\t\t<\/div>\n\t\t\t\t<\/div>\n\t\t\t\t<div class=\"elementor-element elementor-element-91d6215 elementor-widget elementor-widget-text-editor\" data-id=\"91d6215\" data-element_type=\"widget\" data-e-type=\"widget\" data-widget_type=\"text-editor.default\">\n\t\t\t\t<div class=\"elementor-widget-container\">\n\t\t\t\t\t\t\t\t\tLas <strong>cookies<\/strong> son peque\u00f1os archivos de texto que los sitios web guardan en tu dispositivo (ordenador, tel\u00e9fono, tablet) cuando los visitas.<br\/>Estas cookies permiten que el sitio recuerde tus acciones o preferencias (como el idioma, sesi\u00f3n iniciada o art\u00edculos en el carrito), y tambi\u00e9n ayudan a mejorar la experiencia del usuario.\t\t\t\t\t\t\t\t<\/div>\n\t\t\t\t<\/div>\n\t\t\t\t<\/div>\n\t\t<div class=\"elementor-element elementor-element-1765a37 e-con-full e-flex e-con e-child\" data-id=\"1765a37\" data-element_type=\"container\" data-e-type=\"container\">\n\t\t\t\t<div class=\"elementor-element elementor-element-2d56dd7 elementor-widget elementor-widget-heading\" data-id=\"2d56dd7\" data-element_type=\"widget\" data-e-type=\"widget\" data-widget_type=\"heading.default\">\n\t\t\t\t<div class=\"elementor-widget-container\">\n\t\t\t\t\t<h3 class=\"elementor-heading-title elementor-size-default\">2. Tipos de cookies que utilizamos<\/h3>\t\t\t\t<\/div>\n\t\t\t\t<\/div>\n\t\t\t\t<div class=\"elementor-element elementor-element-744c529 elementor-widget elementor-widget-text-editor\" data-id=\"744c529\" data-element_type=\"widget\" data-e-type=\"widget\" data-widget_type=\"text-editor.default\">\n\t\t\t\t<div class=\"elementor-widget-container\">\n\t\t\t\t\t\t\t\t\t<h4><span style=\"text-decoration: underline;\">Cookies necesarias o funcionales<\/span><\/h4>\n<p style=\"padding-left: 40px;\">Estas cookies permiten que el sitio funcione correctamente.\nPor ejemplo, recuerdan tus preferencias de idioma o mantienen iniciada tu sesi\u00f3n. Sin ellas, el sitio podr\u00eda no comportarse de la forma esperada.<\/p>\n<p style=\"padding-left: 40px;\"><strong>Ejemplos:<\/strong><\/p>\n\n<ul>\n \t<li style=\"list-style-type: none;\">\n<ul>\n \t<li style=\"margin-top: -20px; margin-bottom: 5px; line-height: 1.2;\">Cookies de WordPress y Elementor (para mostrar contenido y recordar configuraciones).<\/li>\n \t<li>Cookies que mantienen activa tu sesi\u00f3n si accedes a tu cuenta.<\/li>\n<\/ul>\n<\/li>\n<\/ul>\t\t\t\t\t\t\t\t<\/div>\n\t\t\t\t<\/div>\n\t\t\t\t<div class=\"elementor-element elementor-element-cdd6fc5 elementor-widget elementor-widget-text-editor\" data-id=\"cdd6fc5\" data-element_type=\"widget\" data-e-type=\"widget\" data-widget_type=\"text-editor.default\">\n\t\t\t\t<div class=\"elementor-widget-container\">\n\t\t\t\t\t\t\t\t\t<h4><span style=\"text-decoration: underline;\">Cookies estad\u00edsticas<\/span><\/h4>\n<p style=\"padding-left: 40px;\">Nos ayudan a entender c\u00f3mo los visitantes usan nuestro sitio, cu\u00e1ntas personas lo visitan, qu\u00e9 p\u00e1ginas son m\u00e1s populares y c\u00f3mo mejoramos la experiencia.<\/p>\n<p style=\"padding-left: 40px;\"><strong>Servicios utilizados:<\/strong><\/p>\n\n<ul>\n \t<li style=\"list-style-type: none;\">\n<ul>\n \t<li style=\"margin-top: -20px; margin-bottom: 5px; line-height: 1.2;\">Google Analytics \/ Tag Manager: recopila datos an\u00f3nimos sobre las visitas y navegaci\u00f3n (por ejemplo, p\u00e1ginas vistas, tiempo en el sitio).<\/li>\n \t<li>Elementor: puede usar cookies para estad\u00edsticas internas del constructor visual.<\/li>\n<\/ul>\n<\/li>\n<\/ul>\t\t\t\t\t\t\t\t<\/div>\n\t\t\t\t<\/div>\n\t\t\t\t<div class=\"elementor-element elementor-element-5771e9f elementor-widget elementor-widget-text-editor\" data-id=\"5771e9f\" data-element_type=\"widget\" data-e-type=\"widget\" data-widget_type=\"text-editor.default\">\n\t\t\t\t<div class=\"elementor-widget-container\">\n\t\t\t\t\t\t\t\t\t<h4><span style=\"text-decoration: underline;\">Cookies de marketing o seguimiento<\/span><\/h4>\n<p style=\"padding-left: 40px;\">Se usan para mostrarte contenido relevante o recordar tus preferencias en redes sociales o plataformas externas. No utilizamos cookies para crear perfiles detallados ni vender informaci\u00f3n personal.<\/p>\n<p style=\"padding-left: 80px;\"><strong>Servicios utilizados:<\/strong><\/p>\n\n<ul>\n \t<li style=\"list-style-type: none;\">\n<ul>\n \t<li style=\"list-style-type: none;\">\n<ul>\n \t<li style=\"margin-top: -20px; margin-bottom: 5px; line-height: 1.2;\"><strong>Facebook e Instagram:<\/strong> permiten mostrar contenido o compartir publicaciones desde nuestras p\u00e1ginas oficiales.<\/li>\n \t<li><strong>WhatsApp:<\/strong> habilita el bot\u00f3n de contacto directo para chatear con nosotros.<\/li>\n \t<li><strong>YouTube:<\/strong> permite reproducir videos incrustados en nuestro sitio.<\/li>\n \t<li><strong>Google Maps:<\/strong> muestra ubicaciones interactivas (si est\u00e1n disponibles).<\/li>\n \t<li><strong>Brevo:<\/strong> usado para enviar boletines o correos promocionales; puede colocar cookies que ayudan a medir aperturas y clics en correos.<\/li>\n<\/ul>\n<\/li>\n<\/ul>\n<\/li>\n<\/ul>\t\t\t\t\t\t\t\t<\/div>\n\t\t\t\t<\/div>\n\t\t\t\t<div class=\"elementor-element elementor-element-d913cb5 elementor-widget elementor-widget-text-editor\" data-id=\"d913cb5\" data-element_type=\"widget\" data-e-type=\"widget\" data-widget_type=\"text-editor.default\">\n\t\t\t\t<div class=\"elementor-widget-container\">\n\t\t\t\t\t\t\t\t\t<h4><span style=\"text-decoration: underline;\">Cookies de fuentes externas (Google Fonts)<\/span><\/h4>\n<p style=\"padding-left: 40px;\" >Algunas p\u00e1ginas pueden cargar <strong\">Google Fonts<\/strong>, lo que puede implicar una solicitud a los servidores de Google.<br\/>Esta solicitud no instala cookies activas en tu dispositivo, pero puede registrar tu direcci\u00f3n IP para entregar las fuentes correctamente.<\/p>\t\t\t\t\t\t\t\t<\/div>\n\t\t\t\t<\/div>\n\t\t\t\t<\/div>\n\t\t<div class=\"elementor-element elementor-element-b6d6eca e-con-full e-flex e-con e-child\" data-id=\"b6d6eca\" data-element_type=\"container\" data-e-type=\"container\">\n\t\t\t\t<div class=\"elementor-element elementor-element-b4135b3 elementor-widget elementor-widget-heading\" data-id=\"b4135b3\" data-element_type=\"widget\" data-e-type=\"widget\" data-widget_type=\"heading.default\">\n\t\t\t\t<div class=\"elementor-widget-container\">\n\t\t\t\t\t<h3 class=\"elementor-heading-title elementor-size-default\">3. C\u00f3mo puedes controlar las cookies<\/h3>\t\t\t\t<\/div>\n\t\t\t\t<\/div>\n\t\t\t\t<div class=\"elementor-element elementor-element-aa9c495 elementor-widget elementor-widget-text-editor\" data-id=\"aa9c495\" data-element_type=\"widget\" data-e-type=\"widget\" data-widget_type=\"text-editor.default\">\n\t\t\t\t<div class=\"elementor-widget-container\">\n\t\t\t\t\t\t\t\t\tAl visitar nuestro sitio por primera vez, te mostramos un aviso de cookies que te permite <strong>aceptar, rechazar o personalizar<\/strong> tus preferencias.\nEn cualquier momento puedes cambiar tu decisi\u00f3n desde el bot\u00f3n o enlace \u201cAdministrar consentimiento\u201d visible en el sitio.\n<br><br>\nTambi\u00e9n puedes controlar las cookies directamente desde tu navegador:\n<ul>\n \t<li>Eliminar cookies guardadas.<\/li>\n \t<li>Bloquear nuevas cookies.<\/li>\n \t<li>Recibir una alerta antes de que se instalen.<\/li>\n<\/ul>\nConsulta la ayuda de tu navegador para hacerlo:\n<ul>\n \t<li><a class=\"decorated-link cursor-pointer\" href=\"https:\/\/support.google.com\/chrome\/answer\/95647\" target=\"_blank\" rel=\"noopener\">Google Chrome <i class=\"bi bi-box-arrow-up-right\"><\/i><\/a><\/li>\n \t<li><a class=\"decorated-link cursor-pointer\" href=\"https:\/\/support.mozilla.org\/es\/kb\/cookies-informacion-que-los-sitios-guardan-en-\" target=\"_blank\" rel=\"noopener\">Mozilla Firefox <i class=\"bi bi-box-arrow-up-right\"><\/i><\/a><\/li>\n \t<li><a class=\"decorated-link cursor-pointer\" href=\"https:\/\/support.microsoft.com\/es-es\/microsoft-edge\/eliminar-cookies-en-microsoft-edge-63947406-40ac-c3b8-57b9-2a946a29ae09\" target=\"_blank\" rel=\"noopener\">Microsoft Edge <i class=\"bi bi-box-arrow-up-right\"><\/i><\/a><\/li>\n \t<li><a class=\"decorated-link cursor-pointer\" href=\"https:\/\/support.apple.com\/es-es\/guide\/safari\/sfri11471\/mac\" target=\"_blank\" rel=\"noopener\">Safari <i class=\"bi bi-box-arrow-up-right\"><\/i><\/a><\/li>\n<\/ul>\nTen en cuenta que, si desactivas las cookies, es posible que algunas funciones del sitio no est\u00e9n disponibles o no funcionen correctamente.\t\t\t\t\t\t\t\t<\/div>\n\t\t\t\t<\/div>\n\t\t\t\t<\/div>\n\t\t<div class=\"elementor-element elementor-element-41ffbd3 e-con-full e-flex e-con e-child\" data-id=\"41ffbd3\" data-element_type=\"container\" data-e-type=\"container\">\n\t\t\t\t<div class=\"elementor-element elementor-element-a720760 elementor-widget elementor-widget-heading\" data-id=\"a720760\" data-element_type=\"widget\" data-e-type=\"widget\" data-widget_type=\"heading.default\">\n\t\t\t\t<div class=\"elementor-widget-container\">\n\t\t\t\t\t<h3 class=\"elementor-heading-title elementor-size-default\">4. Cambios en esta pol\u00edtica<\/h3>\t\t\t\t<\/div>\n\t\t\t\t<\/div>\n\t\t\t\t<div class=\"elementor-element elementor-element-6b58231 elementor-widget elementor-widget-text-editor\" data-id=\"6b58231\" data-element_type=\"widget\" data-e-type=\"widget\" data-widget_type=\"text-editor.default\">\n\t\t\t\t<div class=\"elementor-widget-container\">\n\t\t\t\t\t\t\t\t\tPodemos actualizar esta Pol\u00edtica de Cookies ocasionalmente para reflejar cambios en nuestros servicios o requisitos legales.<br\/>La fecha de la \u00faltima actualizaci\u00f3n se mostrar\u00e1 siempre al inicio de la p\u00e1gina.\t\t\t\t\t\t\t\t<\/div>\n\t\t\t\t<\/div>\n\t\t\t\t<\/div>\n\t\t<div class=\"elementor-element elementor-element-108e16b e-con-full e-flex e-con e-child\" data-id=\"108e16b\" data-element_type=\"container\" data-e-type=\"container\">\n\t\t\t\t<div class=\"elementor-element elementor-element-ad9b8b9 elementor-widget elementor-widget-heading\" data-id=\"ad9b8b9\" data-element_type=\"widget\" data-e-type=\"widget\" data-widget_type=\"heading.default\">\n\t\t\t\t<div class=\"elementor-widget-container\">\n\t\t\t\t\t<h3 class=\"elementor-heading-title elementor-size-default\">5. Contacto<\/h3>\t\t\t\t<\/div>\n\t\t\t\t<\/div>\n\t\t\t\t<div class=\"elementor-element elementor-element-56ee63d elementor-widget elementor-widget-text-editor\" data-id=\"56ee63d\" data-element_type=\"widget\" data-e-type=\"widget\" data-widget_type=\"text-editor.default\">\n\t\t\t\t<div class=\"elementor-widget-container\">\n\t\t\t\t\t\t\t\t\tSi tienes dudas o comentarios sobre nuestra pol\u00edtica de cookies o sobre c\u00f3mo usamos tus datos, puedes escribirnos a:<br>\n\n<strong>RumbaShow Productions<\/strong><br>\n<i class=\"bi bi-envelope-at-fill\"><\/i> <a class=\"decorated-link cursor-pointer\" href=\"mailto:support@rumbashow.com\" target=\"_blank\" rel=\"noopener\">support@rumbashow.com <i class=\"bi bi-box-arrow-up-right\"><\/i><\/a>\t\t\t\t\t\t\t\t<\/div>\n\t\t\t\t<\/div>\n\t\t\t\t<\/div>\n\t\t\t\t\t<\/div>\n\t\t\t\t<\/div>\n\t\t\t\t<\/div>","protected":false},"excerpt":{"rendered":"<p>\u00daltima actualizaci\u00f3n: 26 de octubre de 2025 En RumbaShow Productions valoramos tu privacidad y queremos ser completamente transparentes sobre c\u00f3mo [&hellip;]<\/p>\n","protected":false},"author":1,"featured_media":0,"parent":0,"menu_order":0,"comment_status":"closed","ping_status":"closed","template":"elementor_header_footer","meta":{"_acf_changed":false,"_eb_attr":"","site-sidebar-layout":"default","site-content-layout":"","ast-site-content-layout":"full-width-container","site-content-style":"default","site-sidebar-style":"default","ast-global-header-display":"","ast-banner-title-visibility":"","ast-main-header-display":"","ast-hfb-above-header-display":"","ast-hfb-below-header-display":"","ast-hfb-mobile-header-display":"","site-post-title":"disabled","ast-breadcrumbs-content":"","ast-featured-img":"disabled","footer-sml-layout":"","ast-disable-related-posts":"","theme-transparent-header-meta":"","adv-header-id-meta":"","stick-header-meta":"","header-above-stick-meta":"","header-main-stick-meta":"","header-below-stick-meta":"","astra-migrate-meta-layouts":"default","ast-page-background-enabled":"default","ast-page-background-meta":{"desktop":{"background-color":"var(--ast-global-color-5)","background-image":"","background-repeat":"repeat","background-position":"center center","background-size":"auto","background-attachment":"scroll","background-type":"","background-media":"","overlay-type":"","overlay-color":"","overlay-opacity":"","overlay-gradient":""},"tablet":{"background-color":"","background-image":"","background-repeat":"repeat","background-position":"center center","background-size":"auto","background-attachment":"scroll","background-type":"","background-media":"","overlay-type":"","overlay-color":"","overlay-opacity":"","overlay-gradient":""},"mobile":{"background-color":"","background-image":"","background-repeat":"repeat","background-position":"center center","background-size":"auto","background-attachment":"scroll","background-type":"","background-media":"","overlay-type":"","overlay-color":"","overlay-opacity":"","overlay-gradient":""}},"ast-content-background-meta":{"desktop":{"background-color":"var(--ast-global-color-4)","background-image":"","background-repeat":"repeat","background-position":"center center","background-size":"auto","background-attachment":"scroll","background-type":"","background-media":"","overlay-type":"","overlay-color":"","overlay-opacity":"","overlay-gradient":""},"tablet":{"background-color":"var(--ast-global-color-4)","background-image":"","background-repeat":"repeat","background-position":"center center","background-size":"auto","background-attachment":"scroll","background-type":"","background-media":"","overlay-type":"","overlay-color":"","overlay-opacity":"","overlay-gradient":""},"mobile":{"background-color":"var(--ast-global-color-4)","background-image":"","background-repeat":"repeat","background-position":"center center","background-size":"auto","background-attachment":"scroll","background-type":"","background-media":"","overlay-type":"","overlay-color":"","overlay-opacity":"","overlay-gradient":""}},"footnotes":""},"class_list":["post-2374","page","type-page","status-publish","hentry"],"acf":[],"jetpack_sharing_enabled":true,"jetpack_shortlink":"https:\/\/wp.me\/Pfxr0x-Ci","_links":{"self":[{"href":"https:\/\/rumbashow.com\/en\/wp-json\/wp\/v2\/pages\/2374","targetHints":{"allow":["GET"]}}],"collection":[{"href":"https:\/\/rumbashow.com\/en\/wp-json\/wp\/v2\/pages"}],"about":[{"href":"https:\/\/rumbashow.com\/en\/wp-json\/wp\/v2\/types\/page"}],"author":[{"embeddable":true,"href":"https:\/\/rumbashow.com\/en\/wp-json\/wp\/v2\/users\/1"}],"replies":[{"embeddable":true,"href":"https:\/\/rumbashow.com\/en\/wp-json\/wp\/v2\/comments?post=2374"}],"version-history":[{"count":71,"href":"https:\/\/rumbashow.com\/en\/wp-json\/wp\/v2\/pages\/2374\/revisions"}],"predecessor-version":[{"id":2455,"href":"https:\/\/rumbashow.com\/en\/wp-json\/wp\/v2\/pages\/2374\/revisions\/2455"}],"wp:attachment":[{"href":"https:\/\/rumbashow.com\/en\/wp-json\/wp\/v2\/media?parent=2374"}],"curies":[{"name":"wp","href":"https:\/\/api.w.org\/{rel}","templated":true}]}}