{"id":1597,"date":"2025-07-25T00:13:04","date_gmt":"2025-07-25T00:13:04","guid":{"rendered":"https:\/\/rumbashow.com\/?page_id=1597"},"modified":"2025-08-31T09:37:35","modified_gmt":"2025-08-31T14:37:35","slug":"galerias","status":"publish","type":"page","link":"https:\/\/rumbashow.com\/en\/galerias\/","title":{"rendered":"Gallery"},"content":{"rendered":"\t\t<div data-elementor-type=\"wp-page\" data-elementor-id=\"1597\" class=\"elementor elementor-1597\" data-elementor-post-type=\"page\">\n\t\t\t\t<div class=\"elementor-element elementor-element-44164707 e-con-full e-flex e-con e-parent\" data-id=\"44164707\" data-element_type=\"container\" data-e-type=\"container\" data-settings=\"{&quot;background_background&quot;:&quot;classic&quot;,&quot;shape_divider_bottom&quot;:&quot;mountains&quot;}\">\n\t\t\t\t<div class=\"elementor-shape elementor-shape-bottom\" aria-hidden=\"true\" data-negative=\"false\">\n\t\t\t<svg xmlns=\"http:\/\/www.w3.org\/2000\/svg\" viewBox=\"0 0 1000 100\" preserveAspectRatio=\"none\">\n\t<path class=\"elementor-shape-fill\" opacity=\"0.33\" d=\"M473,67.3c-203.9,88.3-263.1-34-320.3,0C66,119.1,0,59.7,0,59.7V0h1000v59.7 c0,0-62.1,26.1-94.9,29.3c-32.8,3.3-62.8-12.3-75.8-22.1C806,49.6,745.3,8.7,694.9,4.7S492.4,59,473,67.3z\"\/>\n\t<path class=\"elementor-shape-fill\" opacity=\"0.66\" d=\"M734,67.3c-45.5,0-77.2-23.2-129.1-39.1c-28.6-8.7-150.3-10.1-254,39.1 s-91.7-34.4-149.2,0C115.7,118.3,0,39.8,0,39.8V0h1000v36.5c0,0-28.2-18.5-92.1-18.5C810.2,18.1,775.7,67.3,734,67.3z\"\/>\n\t<path class=\"elementor-shape-fill\" d=\"M766.1,28.9c-200-57.5-266,65.5-395.1,19.5C242,1.8,242,5.4,184.8,20.6C128,35.8,132.3,44.9,89.9,52.5C28.6,63.7,0,0,0,0 h1000c0,0-9.9,40.9-83.6,48.1S829.6,47,766.1,28.9z\"\/>\n<\/svg>\t\t<\/div>\n\t\t<div class=\"elementor-element elementor-element-2712f34f e-con-full e-flex e-con e-child\" data-id=\"2712f34f\" data-element_type=\"container\" data-e-type=\"container\" data-settings=\"{&quot;background_background&quot;:&quot;classic&quot;}\">\n\t\t\t\t<div class=\"elementor-element elementor-element-7f00262 elementor-widget elementor-widget-heading\" data-id=\"7f00262\" data-element_type=\"widget\" data-e-type=\"widget\" data-widget_type=\"heading.default\">\n\t\t\t\t<div class=\"elementor-widget-container\">\n\t\t\t\t\t<h2 class=\"elementor-heading-title elementor-size-default\">Galer\u00eda<\/h2>\t\t\t\t<\/div>\n\t\t\t\t<\/div>\n\t\t\t\t<div class=\"elementor-element elementor-element-b5e4537 elementor-widget__width-initial elementor-widget elementor-widget-text-editor\" data-id=\"b5e4537\" data-element_type=\"widget\" data-e-type=\"widget\" data-widget_type=\"text-editor.default\">\n\t\t\t\t<div class=\"elementor-widget-container\">\n\t\t\t\t\t\t\t\t\t<p>Revive los mejores momentos de nuestros eventos a trav\u00e9s de nuestras galer\u00edas fotogr\u00e1ficas. Aqu\u00ed encontrar\u00e1s una colecci\u00f3n fotogr\u00e1fica que capturaron la energ\u00eda, alegr\u00eda y emociones vividas en cada ocasi\u00f3n. Ya sea que asististe y quieras recordar, o simplemente quieras ver lo que te perdiste, esta secci\u00f3n es para ti. \u00a1Explora y sum\u00e9rgete en los recuerdos!<\/p>\t\t\t\t\t\t\t\t<\/div>\n\t\t\t\t<\/div>\n\t\t\t\t<\/div>\n\t\t\t\t<\/div>\n\t\t<div class=\"elementor-element elementor-element-9bb8197 e-flex e-con-boxed e-con e-parent\" data-id=\"9bb8197\" data-element_type=\"container\" data-e-type=\"container\">\n\t\t\t\t\t<div class=\"e-con-inner\">\n\t\t\t\t<div class=\"elementor-element elementor-element-e8146a6 elementor-grid-3 elementor-grid-tablet-2 elementor-grid-mobile-1 elementor-widget elementor-widget-loop-grid\" data-id=\"e8146a6\" data-element_type=\"widget\" data-e-type=\"widget\" data-settings=\"{&quot;template_id&quot;:&quot;1600&quot;,&quot;_skin&quot;:&quot;post&quot;,&quot;columns&quot;:&quot;3&quot;,&quot;columns_tablet&quot;:&quot;2&quot;,&quot;columns_mobile&quot;:&quot;1&quot;,&quot;edit_handle_selector&quot;:&quot;[data-elementor-type=\\&quot;loop-item\\&quot;]&quot;,&quot;row_gap&quot;:{&quot;unit&quot;:&quot;px&quot;,&quot;size&quot;:&quot;&quot;,&quot;sizes&quot;:[]},&quot;row_gap_tablet&quot;:{&quot;unit&quot;:&quot;px&quot;,&quot;size&quot;:&quot;&quot;,&quot;sizes&quot;:[]},&quot;row_gap_mobile&quot;:{&quot;unit&quot;:&quot;px&quot;,&quot;size&quot;:&quot;&quot;,&quot;sizes&quot;:[]}}\" data-widget_type=\"loop-grid.post\">\n\t\t\t\t<div class=\"elementor-widget-container\">\n\t\t\t\t\t\t\t<div class=\"elementor-loop-container elementor-grid\" role=\"list\">\n\t\t<style id=\"loop-1600\">.elementor-1600 .elementor-element.elementor-element-5f45343{--display:flex;--border-radius:15px 15px 15px 15px;}.elementor-widget-image .widget-image-caption{color:var( --e-global-color-text );font-family:var( --e-global-typography-text-font-family ), Sans-serif;font-weight:var( --e-global-typography-text-font-weight );}.elementor-1600 .elementor-element.elementor-element-34540f3 img{height:500px;object-fit:cover;object-position:center center;border-radius:15px 15px 15px 15px;}.elementor-widget-heading .elementor-heading-title{font-family:var( --e-global-typography-primary-font-family ), Sans-serif;font-weight:var( --e-global-typography-primary-font-weight );color:var( --e-global-color-primary );}.elementor-1600 .elementor-element.elementor-element-5ad309a{text-align:center;}.elementor-1600 .elementor-element.elementor-element-5ad309a .elementor-heading-title{font-family:\"Roboto\", Sans-serif;font-size:34px;font-weight:600;}.elementor-1600 .elementor-element.elementor-element-5ad309a > .elementor-widget-container{margin:-115px 0px 0px 0px;}<\/style>\t\t<div data-elementor-type=\"loop-item\" data-elementor-id=\"1600\" class=\"elementor elementor-1600 e-loop-item e-loop-item-3493 post-3493 post type-post status-publish format-gallery has-post-thumbnail hentry category-galeria post_format-post-format-gallery\" data-elementor-post-type=\"elementor_library\" data-custom-edit-handle=\"1\">\n\t\t\t<div class=\"elementor-element elementor-element-5f45343 e-flex e-con-boxed e-con e-parent\" data-id=\"5f45343\" data-element_type=\"container\" data-e-type=\"container\">\n\t\t\t\t\t<div class=\"e-con-inner\">\n\t\t\t\t<div class=\"elementor-element elementor-element-34540f3 elementor-widget elementor-widget-image\" data-id=\"34540f3\" data-element_type=\"widget\" data-e-type=\"widget\" data-widget_type=\"image.default\">\n\t\t\t\t<div class=\"elementor-widget-container\">\n\t\t\t\t\t\t\t\t\t\t\t\t\t\t\t\t<a href=\"https:\/\/rumbashow.com\/en\/ja-rulay-montreal\/\">\n\t\t\t\t\t\t\t<img fetchpriority=\"high\" decoding=\"async\" width=\"683\" height=\"1024\" src=\"https:\/\/i0.wp.com\/rumbashow.com\/wp-content\/uploads\/2026\/02\/DSC08558-scaled.webp?fit=683%2C1024&amp;ssl=1\" class=\"attachment-large size-large wp-image-3565\" alt=\"\" srcset=\"https:\/\/i0.wp.com\/rumbashow.com\/wp-content\/uploads\/2026\/02\/DSC08558-scaled.webp?w=1707&amp;ssl=1 1707w, https:\/\/i0.wp.com\/rumbashow.com\/wp-content\/uploads\/2026\/02\/DSC08558-scaled.webp?resize=200%2C300&amp;ssl=1 200w, https:\/\/i0.wp.com\/rumbashow.com\/wp-content\/uploads\/2026\/02\/DSC08558-scaled.webp?resize=683%2C1024&amp;ssl=1 683w\" sizes=\"(max-width: 683px) 100vw, 683px\" \/>\t\t\t\t\t\t\t\t<\/a>\n\t\t\t\t\t\t\t\t\t\t\t\t\t\t\t<\/div>\n\t\t\t\t<\/div>\n\t\t\t\t<div class=\"elementor-element elementor-element-5ad309a elementor-widget elementor-widget-heading\" data-id=\"5ad309a\" data-element_type=\"widget\" data-e-type=\"widget\" data-widget_type=\"heading.default\">\n\t\t\t\t<div class=\"elementor-widget-container\">\n\t\t\t\t\t<h2 class=\"elementor-heading-title elementor-size-default\">Ja Rulay &#8211; Montreal<\/h2>\t\t\t\t<\/div>\n\t\t\t\t<\/div>\n\t\t\t\t\t<\/div>\n\t\t\t\t<\/div>\n\t\t\t\t<\/div>\n\t\t\t\t<div data-elementor-type=\"loop-item\" data-elementor-id=\"1600\" class=\"elementor elementor-1600 e-loop-item e-loop-item-3387 post-3387 post type-post status-publish format-standard has-post-thumbnail hentry category-galeria\" data-elementor-post-type=\"elementor_library\" data-custom-edit-handle=\"1\">\n\t\t\t<div class=\"elementor-element elementor-element-5f45343 e-flex e-con-boxed e-con e-parent\" data-id=\"5f45343\" data-element_type=\"container\" data-e-type=\"container\">\n\t\t\t\t\t<div class=\"e-con-inner\">\n\t\t\t\t<div class=\"elementor-element elementor-element-34540f3 elementor-widget elementor-widget-image\" data-id=\"34540f3\" data-element_type=\"widget\" data-e-type=\"widget\" data-widget_type=\"image.default\">\n\t\t\t\t<div class=\"elementor-widget-container\">\n\t\t\t\t\t\t\t\t\t\t\t\t\t\t\t\t<a href=\"https:\/\/rumbashow.com\/en\/ja-rulay-toronto\/\">\n\t\t\t\t\t\t\t<img decoding=\"async\" src=\"https:\/\/i0.wp.com\/rumbashow.com\/wp-content\/uploads\/2026\/02\/DSC09282.webp?fit=1024%2C1024&amp;ssl=1\" class=\"attachment-large size-large wp-image-3449\" alt=\"\" \/>\t\t\t\t\t\t\t\t<\/a>\n\t\t\t\t\t\t\t\t\t\t\t\t\t\t\t<\/div>\n\t\t\t\t<\/div>\n\t\t\t\t<div class=\"elementor-element elementor-element-5ad309a elementor-widget elementor-widget-heading\" data-id=\"5ad309a\" data-element_type=\"widget\" data-e-type=\"widget\" data-widget_type=\"heading.default\">\n\t\t\t\t<div class=\"elementor-widget-container\">\n\t\t\t\t\t<h2 class=\"elementor-heading-title elementor-size-default\">Ja Rulay &#8211; Toronto<\/h2>\t\t\t\t<\/div>\n\t\t\t\t<\/div>\n\t\t\t\t\t<\/div>\n\t\t\t\t<\/div>\n\t\t\t\t<\/div>\n\t\t\t\t<div data-elementor-type=\"loop-item\" data-elementor-id=\"1600\" class=\"elementor elementor-1600 e-loop-item e-loop-item-2202 post-2202 post type-post status-publish format-gallery has-post-thumbnail hentry category-galeria post_format-post-format-gallery\" data-elementor-post-type=\"elementor_library\" data-custom-edit-handle=\"1\">\n\t\t\t<div class=\"elementor-element elementor-element-5f45343 e-flex e-con-boxed e-con e-parent\" data-id=\"5f45343\" data-element_type=\"container\" data-e-type=\"container\">\n\t\t\t\t\t<div class=\"e-con-inner\">\n\t\t\t\t<div class=\"elementor-element elementor-element-34540f3 elementor-widget elementor-widget-image\" data-id=\"34540f3\" data-element_type=\"widget\" data-e-type=\"widget\" data-widget_type=\"image.default\">\n\t\t\t\t<div class=\"elementor-widget-container\">\n\t\t\t\t\t\t\t\t\t\t\t\t\t\t\t\t<a href=\"https:\/\/rumbashow.com\/en\/el-micha\/\">\n\t\t\t\t\t\t\t<img decoding=\"async\" width=\"683\" height=\"1024\" src=\"https:\/\/i0.wp.com\/rumbashow.com\/wp-content\/uploads\/2025\/08\/DSC0396_Afterlight-scaled.jpg?fit=683%2C1024&amp;ssl=1\" class=\"attachment-large size-large wp-image-2219\" alt=\"\" srcset=\"https:\/\/i0.wp.com\/rumbashow.com\/wp-content\/uploads\/2025\/08\/DSC0396_Afterlight-scaled.jpg?w=1707&amp;ssl=1 1707w, https:\/\/i0.wp.com\/rumbashow.com\/wp-content\/uploads\/2025\/08\/DSC0396_Afterlight-scaled.jpg?resize=200%2C300&amp;ssl=1 200w\" sizes=\"(max-width: 683px) 100vw, 683px\" \/>\t\t\t\t\t\t\t\t<\/a>\n\t\t\t\t\t\t\t\t\t\t\t\t\t\t\t<\/div>\n\t\t\t\t<\/div>\n\t\t\t\t<div class=\"elementor-element elementor-element-5ad309a elementor-widget elementor-widget-heading\" data-id=\"5ad309a\" data-element_type=\"widget\" data-e-type=\"widget\" data-widget_type=\"heading.default\">\n\t\t\t\t<div class=\"elementor-widget-container\">\n\t\t\t\t\t<h2 class=\"elementor-heading-title elementor-size-default\">El Micha<\/h2>\t\t\t\t<\/div>\n\t\t\t\t<\/div>\n\t\t\t\t\t<\/div>\n\t\t\t\t<\/div>\n\t\t\t\t<\/div>\n\t\t\t\t<div data-elementor-type=\"loop-item\" data-elementor-id=\"1600\" class=\"elementor elementor-1600 e-loop-item e-loop-item-1625 post-1625 post type-post status-publish format-standard has-post-thumbnail hentry category-galeria\" data-elementor-post-type=\"elementor_library\" data-custom-edit-handle=\"1\">\n\t\t\t<div class=\"elementor-element elementor-element-5f45343 e-flex e-con-boxed e-con e-parent\" data-id=\"5f45343\" data-element_type=\"container\" data-e-type=\"container\">\n\t\t\t\t\t<div class=\"e-con-inner\">\n\t\t\t\t<div class=\"elementor-element elementor-element-34540f3 elementor-widget elementor-widget-image\" data-id=\"34540f3\" data-element_type=\"widget\" data-e-type=\"widget\" data-widget_type=\"image.default\">\n\t\t\t\t<div class=\"elementor-widget-container\">\n\t\t\t\t\t\t\t\t\t\t\t\t\t\t\t\t<a href=\"https:\/\/rumbashow.com\/en\/lenier\/\">\n\t\t\t\t\t\t\t<img decoding=\"async\" width=\"683\" height=\"1024\" src=\"https:\/\/i0.wp.com\/rumbashow.com\/wp-content\/uploads\/2025\/07\/DSC6582-scaled.jpg?fit=683%2C1024&amp;ssl=1\" class=\"attachment-large size-large wp-image-1635\" alt=\"\" srcset=\"https:\/\/i0.wp.com\/rumbashow.com\/wp-content\/uploads\/2025\/07\/DSC6582-scaled.jpg?w=1707&amp;ssl=1 1707w, https:\/\/i0.wp.com\/rumbashow.com\/wp-content\/uploads\/2025\/07\/DSC6582-scaled.jpg?resize=200%2C300&amp;ssl=1 200w\" sizes=\"(max-width: 683px) 100vw, 683px\" \/>\t\t\t\t\t\t\t\t<\/a>\n\t\t\t\t\t\t\t\t\t\t\t\t\t\t\t<\/div>\n\t\t\t\t<\/div>\n\t\t\t\t<div class=\"elementor-element elementor-element-5ad309a elementor-widget elementor-widget-heading\" data-id=\"5ad309a\" data-element_type=\"widget\" data-e-type=\"widget\" data-widget_type=\"heading.default\">\n\t\t\t\t<div class=\"elementor-widget-container\">\n\t\t\t\t\t<h2 class=\"elementor-heading-title elementor-size-default\">Lenier<\/h2>\t\t\t\t<\/div>\n\t\t\t\t<\/div>\n\t\t\t\t\t<\/div>\n\t\t\t\t<\/div>\n\t\t\t\t<\/div>\n\t\t\t\t<div data-elementor-type=\"loop-item\" data-elementor-id=\"1600\" class=\"elementor elementor-1600 e-loop-item e-loop-item-1515 post-1515 post type-post status-publish format-standard has-post-thumbnail hentry category-galeria\" data-elementor-post-type=\"elementor_library\" data-custom-edit-handle=\"1\">\n\t\t\t<div class=\"elementor-element elementor-element-5f45343 e-flex e-con-boxed e-con e-parent\" data-id=\"5f45343\" data-element_type=\"container\" data-e-type=\"container\">\n\t\t\t\t\t<div class=\"e-con-inner\">\n\t\t\t\t<div class=\"elementor-element elementor-element-34540f3 elementor-widget elementor-widget-image\" data-id=\"34540f3\" data-element_type=\"widget\" data-e-type=\"widget\" data-widget_type=\"image.default\">\n\t\t\t\t<div class=\"elementor-widget-container\">\n\t\t\t\t\t\t\t\t\t\t\t\t\t\t\t\t<a href=\"https:\/\/rumbashow.com\/en\/charly-johayron-en-toronto\/\">\n\t\t\t\t\t\t\t<img loading=\"lazy\" decoding=\"async\" width=\"1024\" height=\"634\" src=\"https:\/\/i0.wp.com\/rumbashow.com\/wp-content\/uploads\/2025\/07\/DSC00750-scaled.jpg?fit=1024%2C634&amp;ssl=1\" class=\"attachment-large size-large wp-image-1532\" alt=\"\" srcset=\"https:\/\/i0.wp.com\/rumbashow.com\/wp-content\/uploads\/2025\/07\/DSC00750-scaled.jpg?w=2560&amp;ssl=1 2560w, https:\/\/i0.wp.com\/rumbashow.com\/wp-content\/uploads\/2025\/07\/DSC00750-scaled.jpg?resize=300%2C186&amp;ssl=1 300w, https:\/\/i0.wp.com\/rumbashow.com\/wp-content\/uploads\/2025\/07\/DSC00750-scaled.jpg?resize=1024%2C634&amp;ssl=1 1024w, https:\/\/i0.wp.com\/rumbashow.com\/wp-content\/uploads\/2025\/07\/DSC00750-scaled.jpg?resize=768%2C475&amp;ssl=1 768w, https:\/\/i0.wp.com\/rumbashow.com\/wp-content\/uploads\/2025\/07\/DSC00750-scaled.jpg?resize=1536%2C951&amp;ssl=1 1536w, https:\/\/i0.wp.com\/rumbashow.com\/wp-content\/uploads\/2025\/07\/DSC00750-scaled.jpg?resize=2048%2C1268&amp;ssl=1 2048w, https:\/\/i0.wp.com\/rumbashow.com\/wp-content\/uploads\/2025\/07\/DSC00750-scaled.jpg?resize=18%2C12&amp;ssl=1 18w, https:\/\/i0.wp.com\/rumbashow.com\/wp-content\/uploads\/2025\/07\/DSC00750-scaled.jpg?resize=600%2C371&amp;ssl=1 600w\" sizes=\"(max-width: 1000px) 100vw, 1000px\" \/>\t\t\t\t\t\t\t\t<\/a>\n\t\t\t\t\t\t\t\t\t\t\t\t\t\t\t<\/div>\n\t\t\t\t<\/div>\n\t\t\t\t<div class=\"elementor-element elementor-element-5ad309a elementor-widget elementor-widget-heading\" data-id=\"5ad309a\" data-element_type=\"widget\" data-e-type=\"widget\" data-widget_type=\"heading.default\">\n\t\t\t\t<div class=\"elementor-widget-container\">\n\t\t\t\t\t<h2 class=\"elementor-heading-title elementor-size-default\">Charly y Johayron en TORONTO<\/h2>\t\t\t\t<\/div>\n\t\t\t\t<\/div>\n\t\t\t\t\t<\/div>\n\t\t\t\t<\/div>\n\t\t\t\t<\/div>\n\t\t\t\t<div data-elementor-type=\"loop-item\" data-elementor-id=\"1600\" class=\"elementor elementor-1600 e-loop-item e-loop-item-1487 post-1487 post type-post status-publish format-standard has-post-thumbnail hentry category-galeria\" data-elementor-post-type=\"elementor_library\" data-custom-edit-handle=\"1\">\n\t\t\t<div class=\"elementor-element elementor-element-5f45343 e-flex e-con-boxed e-con e-parent\" data-id=\"5f45343\" data-element_type=\"container\" data-e-type=\"container\">\n\t\t\t\t\t<div class=\"e-con-inner\">\n\t\t\t\t<div class=\"elementor-element elementor-element-34540f3 elementor-widget elementor-widget-image\" data-id=\"34540f3\" data-element_type=\"widget\" data-e-type=\"widget\" data-widget_type=\"image.default\">\n\t\t\t\t<div class=\"elementor-widget-container\">\n\t\t\t\t\t\t\t\t\t\t\t\t\t\t\t\t<a href=\"https:\/\/rumbashow.com\/en\/dj-yus\/\">\n\t\t\t\t\t\t\t<img loading=\"lazy\" decoding=\"async\" width=\"683\" height=\"1024\" src=\"https:\/\/i0.wp.com\/rumbashow.com\/wp-content\/uploads\/2025\/07\/A1A4100-scaled.jpg?fit=683%2C1024&amp;ssl=1\" class=\"attachment-large size-large wp-image-1493\" alt=\"\" srcset=\"https:\/\/i0.wp.com\/rumbashow.com\/wp-content\/uploads\/2025\/07\/A1A4100-scaled.jpg?w=1707&amp;ssl=1 1707w, https:\/\/i0.wp.com\/rumbashow.com\/wp-content\/uploads\/2025\/07\/A1A4100-scaled.jpg?resize=200%2C300&amp;ssl=1 200w, https:\/\/i0.wp.com\/rumbashow.com\/wp-content\/uploads\/2025\/07\/A1A4100-scaled.jpg?resize=683%2C1024&amp;ssl=1 683w, https:\/\/i0.wp.com\/rumbashow.com\/wp-content\/uploads\/2025\/07\/A1A4100-scaled.jpg?resize=768%2C1152&amp;ssl=1 768w, https:\/\/i0.wp.com\/rumbashow.com\/wp-content\/uploads\/2025\/07\/A1A4100-scaled.jpg?resize=1024%2C1536&amp;ssl=1 1024w\" sizes=\"(max-width: 683px) 100vw, 683px\" \/>\t\t\t\t\t\t\t\t<\/a>\n\t\t\t\t\t\t\t\t\t\t\t\t\t\t\t<\/div>\n\t\t\t\t<\/div>\n\t\t\t\t<div class=\"elementor-element elementor-element-5ad309a elementor-widget elementor-widget-heading\" data-id=\"5ad309a\" data-element_type=\"widget\" data-e-type=\"widget\" data-widget_type=\"heading.default\">\n\t\t\t\t<div class=\"elementor-widget-container\">\n\t\t\t\t\t<h2 class=\"elementor-heading-title elementor-size-default\">DJ Yus<\/h2>\t\t\t\t<\/div>\n\t\t\t\t<\/div>\n\t\t\t\t\t<\/div>\n\t\t\t\t<\/div>\n\t\t\t\t<\/div>\n\t\t\t\t<\/div>\n\t\t\n\t\t\t\t\t\t<\/div>\n\t\t\t\t<\/div>\n\t\t\t\t\t<\/div>\n\t\t\t\t<\/div>\n\t\t\t\t<\/div>\n\t\t","protected":false},"excerpt":{"rendered":"<p>Revive los mejores momentos de nuestros eventos a trav\u00e9s de nuestras galer\u00edas fotogr\u00e1ficas. Aqu\u00ed encontrar\u00e1s una colecci\u00f3n fotogr\u00e1fica que capturaron [&hellip;]<\/p>\n","protected":false},"author":1,"featured_media":0,"parent":0,"menu_order":0,"comment_status":"closed","ping_status":"closed","template":"","meta":{"_acf_changed":false,"_eb_attr":"","site-sidebar-layout":"no-sidebar","site-content-layout":"","ast-site-content-layout":"full-width-container","site-content-style":"default","site-sidebar-style":"default","ast-global-header-display":"","ast-banner-title-visibility":"","ast-main-header-display":"","ast-hfb-above-header-display":"","ast-hfb-below-header-display":"","ast-hfb-mobile-header-display":"","site-post-title":"disabled","ast-breadcrumbs-content":"","ast-featured-img":"disabled","footer-sml-layout":"","ast-disable-related-posts":"","theme-transparent-header-meta":"default","adv-header-id-meta":"","stick-header-meta":"","header-above-stick-meta":"","header-main-stick-meta":"","header-below-stick-meta":"","astra-migrate-meta-layouts":"set","ast-page-background-enabled":"default","ast-page-background-meta":{"desktop":{"background-color":"var(--ast-global-color-5)","background-image":"","background-repeat":"repeat","background-position":"center center","background-size":"auto","background-attachment":"scroll","background-type":"","background-media":"","overlay-type":"","overlay-color":"","overlay-opacity":"","overlay-gradient":""},"tablet":{"background-color":"","background-image":"","background-repeat":"repeat","background-position":"center center","background-size":"auto","background-attachment":"scroll","background-type":"","background-media":"","overlay-type":"","overlay-color":"","overlay-opacity":"","overlay-gradient":""},"mobile":{"background-color":"","background-image":"","background-repeat":"repeat","background-position":"center center","background-size":"auto","background-attachment":"scroll","background-type":"","background-media":"","overlay-type":"","overlay-color":"","overlay-opacity":"","overlay-gradient":""}},"ast-content-background-meta":{"desktop":{"background-color":"var(--ast-global-color-4)","background-image":"","background-repeat":"repeat","background-position":"center center","background-size":"auto","background-attachment":"scroll","background-type":"","background-media":"","overlay-type":"","overlay-color":"","overlay-opacity":"","overlay-gradient":""},"tablet":{"background-color":"var(--ast-global-color-4)","background-image":"","background-repeat":"repeat","background-position":"center center","background-size":"auto","background-attachment":"scroll","background-type":"","background-media":"","overlay-type":"","overlay-color":"","overlay-opacity":"","overlay-gradient":""},"mobile":{"background-color":"var(--ast-global-color-4)","background-image":"","background-repeat":"repeat","background-position":"center center","background-size":"auto","background-attachment":"scroll","background-type":"","background-media":"","overlay-type":"","overlay-color":"","overlay-opacity":"","overlay-gradient":""}},"footnotes":""},"class_list":["post-1597","page","type-page","status-publish","hentry"],"acf":[],"jetpack_sharing_enabled":true,"jetpack_shortlink":"https:\/\/wp.me\/Pfxr0x-pL","_links":{"self":[{"href":"https:\/\/rumbashow.com\/en\/wp-json\/wp\/v2\/pages\/1597","targetHints":{"allow":["GET"]}}],"collection":[{"href":"https:\/\/rumbashow.com\/en\/wp-json\/wp\/v2\/pages"}],"about":[{"href":"https:\/\/rumbashow.com\/en\/wp-json\/wp\/v2\/types\/page"}],"author":[{"embeddable":true,"href":"https:\/\/rumbashow.com\/en\/wp-json\/wp\/v2\/users\/1"}],"replies":[{"embeddable":true,"href":"https:\/\/rumbashow.com\/en\/wp-json\/wp\/v2\/comments?post=1597"}],"version-history":[{"count":38,"href":"https:\/\/rumbashow.com\/en\/wp-json\/wp\/v2\/pages\/1597\/revisions"}],"predecessor-version":[{"id":2312,"href":"https:\/\/rumbashow.com\/en\/wp-json\/wp\/v2\/pages\/1597\/revisions\/2312"}],"wp:attachment":[{"href":"https:\/\/rumbashow.com\/en\/wp-json\/wp\/v2\/media?parent=1597"}],"curies":[{"name":"wp","href":"https:\/\/api.w.org\/{rel}","templated":true}]}}